{"id":5,"date":"2022-09-01T06:25:54","date_gmt":"2022-09-01T06:25:54","guid":{"rendered":"https:\/\/echecs-lr.com\/?page_id=5"},"modified":"2022-09-06T03:56:29","modified_gmt":"2022-09-06T03:56:29","slug":"comment-se-passe-un-tournoi-dechec","status":"publish","type":"page","link":"https:\/\/echecs-lr.com\/","title":{"rendered":"Comment se passe un tournoi d&rsquo;\u00e9chec ?"},"content":{"rendered":"\n<p>Un tournoi d&rsquo;\u00e9chec est un \u00e9v\u00e9nement o\u00f9 des <strong>joueurs<\/strong> de diff\u00e9rents niveaux se rencontrent pour <strong>disputer<\/strong> des matchs. Les <strong>tournois<\/strong> sont organis\u00e9s par des clubs, des f\u00e9d\u00e9rations ou m\u00eame des ligues. Les joueurs sont class\u00e9s en fonction de leur niveau et affrontent ceux qui ont un <strong>classement<\/strong> similaire.<br><br>Les <strong>matchs<\/strong> peuvent \u00eatre disput\u00e9s en plusieurs rounds et les joueurs perdants sont \u00e9limin\u00e9s au fur et \u00e0 mesure. Le format le plus courant est celui du Swiss System, dans lequel les joueurs ne affrontent que ceux qui ont un <strong>score<\/strong> similaire au bout de chaque round. A la fin du tournoi, les vainqueurs sont d\u00e9termin\u00e9s en fonction du nombre de points qu&rsquo;ils ont accumul\u00e9. Encore plus prestigieux que les tournois organis\u00e9s par des <strong>clubs<\/strong> ou des f\u00e9d\u00e9rations, il y a les tournois de la <strong>FIDE<\/strong> (F\u00e9d\u00e9ration internationale des \u00e9checs). Ces <strong>comp\u00e9titions<\/strong> sont tr\u00e8s suivies car elles permettent aux <strong>meilleurs joueurs<\/strong> du monde de s&rsquo;affronter.<br><br>Tout d&rsquo;abord, il faut savoir que pour participer, il faut obtenir une invitation ou bien \u00eatre class\u00e9 parmi les meilleurs joueurs du monde. Ensuite, le tournoi est compos\u00e9 de diff\u00e9rentes \u00e9tapes :<br>les \u00e9liminatoires, les quarts de finale, les demi-finales et enfin la finale. Chaque match est compos\u00e9 de 2 <strong>parties<\/strong> et chaque partie peut faire appel \u00e0 des r\u00e8gles sp\u00e9ciales si nous sommes en pr\u00e9sence d&rsquo;une nulle (match nul). Le but du <strong>jeu<\/strong> est simple :<br>il faut battre son <strong>adversaire<\/strong> en lui prenant ses pi\u00e8ces ou bien l&#8217;emp\u00eacher de <strong>jouer<\/strong> pendant trop longtemps. Le <strong>champion du monde<\/strong> est celui qui aura gagn\u00e9 tous ses matchs.<\/p>\n\n\n\n<h2 class=\"wp-block-heading\">Combien de joueurs y participent ?<\/h2>\n\n\n\n<p><a href=\"https:\/\/le-palais-des-echecs.com\/blogs\/news\/comment-participer-aux-tournois-de-jeu-dechecs\/\">Un tournoi d&rsquo;\u00e9chec<\/a> est un \u00e9v\u00e9nement o\u00f9 les joueurs s&rsquo;affrontent pour <strong>gagner<\/strong> des prix. Les participants doivent g\u00e9n\u00e9ralement se <strong>qualifier<\/strong> pour participer \u00e0 un tournoi. Cela signifie qu&rsquo;ils doivent gagner une certaine quantit\u00e9 de <strong>matchs<\/strong> contre d&rsquo;autres joueurs.<br><br>Une fois qu&rsquo;ils ont qualifi\u00e9, ils peuvent ensuite entrer dans le tournoi principal. Le nombre de participants varie, mais il y a souvent plusieurs centaines de joueurs qui participent \u00e0 un grand tournoi international. Lorsqu&rsquo;un participant perd son match, il est \u00e9limin\u00e9 du tournoi et doit quitter la comp\u00e9tition. Le <strong>vainqueur<\/strong> du tournoi est celui qui parvient \u00e0 gagner le plus de matchs et \u00e0 atteindre la <strong>finale<\/strong> sans \u00eatre \u00e9limin\u00e9. Les joueurs qui gagnent souvent sont ceux qui ont beaucoup d&rsquo;exp\u00e9rience et de talent.<br><br>Certains des <strong>meilleurs joueurs<\/strong> du monde ont pass\u00e9 leur vie \u00e0 \u00e9tudier les <strong>\u00e9checs<\/strong> et \u00e0 affronter d&rsquo;autres grands joueurs. Un tournoi d&rsquo;\u00e9checs est un test de force et de strat\u00e9gie entre adversaires. Les joueurs sont divis\u00e9s en <strong>quarts<\/strong> et doivent affronter chacun de leurs <strong>adversaires<\/strong> une fois.<\/p>\n\n\n\n<figure class=\"wp-block-image size-large\"><img loading=\"lazy\" decoding=\"async\" width=\"1024\" height=\"683\" src=\"https:\/\/echecs-lr.com\/wp-content\/uploads\/2022\/09\/Comment-se-de\u0301roule-un-tournois-de-jeu-de\u0301chec--1024x683.png\" alt=\"\" class=\"wp-image-8\" srcset=\"https:\/\/echecs-lr.com\/wp-content\/uploads\/2022\/09\/Comment-se-de\u0301roule-un-tournois-de-jeu-de\u0301chec--1024x683.png 1024w, https:\/\/echecs-lr.com\/wp-content\/uploads\/2022\/09\/Comment-se-de\u0301roule-un-tournois-de-jeu-de\u0301chec--300x200.png 300w, https:\/\/echecs-lr.com\/wp-content\/uploads\/2022\/09\/Comment-se-de\u0301roule-un-tournois-de-jeu-de\u0301chec--768x512.png 768w, https:\/\/echecs-lr.com\/wp-content\/uploads\/2022\/09\/Comment-se-de\u0301roule-un-tournois-de-jeu-de\u0301chec-.png 1200w\" sizes=\"auto, (max-width: 1024px) 100vw, 1024px\" \/><\/figure>\n\n\n\n<h2 class=\"wp-block-heading\">La pr\u00e9paration d&rsquo;un tournoi d&rsquo;\u00e9chec<\/h2>\n\n\n\n<p>Pour participer \u00e0 un tournoi, il faut g\u00e9n\u00e9ralement s&rsquo;inscrire et payer une cotisation. Les <strong>joueurs<\/strong> de tournoi doivent \u00eatre pr\u00eats \u00e0 affronter n&rsquo;importe quel <strong>adversaire<\/strong> \u00e0 n&rsquo;importe quel moment. Cela signifie que vous devez arriver au moins 30 minutes avant le d\u00e9but du tournoi, afin de vous inscrire et de vous pr\u00e9parer mentalement et <strong>physiquement<\/strong> pour la bataille qui se profile.<br><br>Une bonne pr\u00e9paration <strong>musculaire<\/strong> est cruciale. Les <strong>\u00e9checs<\/strong> sont un <strong>jeu<\/strong> exigeant, qui n\u00e9cessite de la concentration et de l&rsquo;endurance. Vous aurez besoin de toutes vos facult\u00e9s mentales et <strong>physiques<\/strong> pour <strong>jouer<\/strong> \u00e0 votre meilleur niveau pendant toute la dur\u00e9e du tournoi. La pr\u00e9paration d&rsquo;un tournoi d&rsquo;\u00e9checs repose sur un bon entra\u00eenement.<br><br>Votre r\u00e9gime alimentaire, votre sommeil et votre niveau d&rsquo;activit\u00e9 physique auront \u00e9galement une influence sur votre jeu. Si vous voulez \u00eatre au top de votre forme, il est important de suivre une routine <strong>sportive<\/strong> r\u00e9guli\u00e8re. Le <strong>tirage<\/strong> au sort des joueurs aura lieu et les <strong>matchs<\/strong> seront programm\u00e9s.<\/p>\n\n\n\n<h2 class=\"wp-block-heading\">La fin d&rsquo;un tournoi d&rsquo;\u00e9chec<\/h2>\n\n\n\n<p>Quant \u00e0 l&rsquo;issue d&rsquo;un tournoi d&rsquo;\u00e9chec, celle-ci peut se pr\u00e9senter de diff\u00e9rentes mani\u00e8res. Dans les <strong>tournois<\/strong> amicaux ou informels, il est courant que les <strong>joueurs<\/strong> s&rsquo;arrangent entre eux pour partager la victoire ou la d\u00e9faite. Cela permet de maintenir une bonne ambiance et \u00e9viter des disputes inutiles.<br><br>Dans les tournois officiels en revanche, il n&rsquo;y a pas de place pour ce genre d&rsquo;arrangement :<br>Lorsqu\u2019il n\u2019y a plus qu\u2019un seul <strong>joueur<\/strong> qui poss\u00e8de encore des <strong>pi\u00e8ces<\/strong> sur l\u2019\u00e9chiquier, on dit qu\u2019il a \u00ab mis mat \u00bb son <strong>adversaire<\/strong> et que celui-ci a \u00e9t\u00e9 \u00ab battu aux <strong>\u00e9checs<\/strong> \u00bb. Il existe plusieurs fa\u00e7ons de mettre mat son adversaire mais la plus courante est celle o\u00f9 le <strong>roi<\/strong> <strong>adverse<\/strong> ne peut plus se <strong>d\u00e9placer<\/strong> sans \u00eatre menac\u00e9 par une <strong>attaque<\/strong> (ce que l\u2019on appelle une \u00ab position \u00e0 double menace \u00bb). Si le roi ne peut pas \u00eatre sauv\u00e9 par un autre coup, alors le joueur qui poss\u00e8de encore des pi\u00e8ces sur l\u2019\u00e9chiquier remporte la partie car son adversaire a \u00e9t\u00e9 contraint \u00e0 abandonner.<\/p>\n\n\n\n<h2 class=\"wp-block-heading\">Le mat\u00e9riel pour organiser un tournois de jeu d&rsquo;\u00e9chec<\/h2>\n\n\n\n<p>En r\u00e8gle g\u00e9n\u00e9ral les parties se d\u00e9roulent sur du mat\u00e9riel standard bon march\u00e9, vous pouvez retrouver des <a href=\"https:\/\/world-of-chess.fr\/echiquier-en-plastique\/\">\u00e9chiquiers de tournois en plastique<\/a> de la marque World-Of-Chess.fr<\/p>\n\n\n\n<p>Plus d&rsquo;informations sur les tournois en France : <a href=\"https:\/\/www.culture-echecs.eu\/\">https:\/\/www.culture-echecs.eu\/<\/a><\/p>\n","protected":false},"excerpt":{"rendered":"<p>Un tournoi d&rsquo;\u00e9chec est un \u00e9v\u00e9nement o\u00f9 des joueurs de diff\u00e9rents niveaux se rencontrent pour disputer des matchs. Les tournois sont organis\u00e9s par des clubs, des f\u00e9d\u00e9rations ou m\u00eame des ligues. Les joueurs sont class\u00e9s en fonction de leur niveau et affrontent ceux qui ont un classement similaire. Les matchs peuvent \u00eatre disput\u00e9s en plusieurs [&hellip;]<\/p>\n","protected":false},"author":1,"featured_media":7,"parent":0,"menu_order":0,"comment_status":"closed","ping_status":"closed","template":"","meta":{"footnotes":""},"class_list":["post-5","page","type-page","status-publish","has-post-thumbnail","hentry"],"_links":{"self":[{"href":"https:\/\/echecs-lr.com\/index.php?rest_route=\/wp\/v2\/pages\/5","targetHints":{"allow":["GET"]}}],"collection":[{"href":"https:\/\/echecs-lr.com\/index.php?rest_route=\/wp\/v2\/pages"}],"about":[{"href":"https:\/\/echecs-lr.com\/index.php?rest_route=\/wp\/v2\/types\/page"}],"author":[{"embeddable":true,"href":"https:\/\/echecs-lr.com\/index.php?rest_route=\/wp\/v2\/users\/1"}],"replies":[{"embeddable":true,"href":"https:\/\/echecs-lr.com\/index.php?rest_route=%2Fwp%2Fv2%2Fcomments&post=5"}],"version-history":[{"count":3,"href":"https:\/\/echecs-lr.com\/index.php?rest_route=\/wp\/v2\/pages\/5\/revisions"}],"predecessor-version":[{"id":14,"href":"https:\/\/echecs-lr.com\/index.php?rest_route=\/wp\/v2\/pages\/5\/revisions\/14"}],"wp:featuredmedia":[{"embeddable":true,"href":"https:\/\/echecs-lr.com\/index.php?rest_route=\/wp\/v2\/media\/7"}],"wp:attachment":[{"href":"https:\/\/echecs-lr.com\/index.php?rest_route=%2Fwp%2Fv2%2Fmedia&parent=5"}],"curies":[{"name":"wp","href":"https:\/\/api.w.org\/{rel}","templated":true}]}}